{"id":370,"date":"2021-08-06T16:07:15","date_gmt":"2021-08-06T16:07:15","guid":{"rendered":"https:\/\/grameenkosovo.org\/?page_id=370"},"modified":"2025-03-26T12:45:45","modified_gmt":"2025-03-26T12:45:45","slug":"credit-calculator","status":"publish","type":"page","link":"https:\/\/grameenkosovo.org\/sq\/credit-calculator\/","title":{"rendered":"Kalkulatori i Kredis\u00eb"},"content":{"rendered":"<div data-elementor-type=\"wp-page\" data-elementor-id=\"370\" class=\"elementor elementor-370\">\n\t\t\t\t\t\t\t\t\t<section class=\"elementor-section elementor-top-section elementor-element elementor-element-90ed3ef elementor-section-boxed elementor-section-height-default elementor-section-height-default\" data-id=\"90ed3ef\" data-element_type=\"section\">\n\t\t\t\t\t\t<div class=\"elementor-container elementor-column-gap-default\">\n\t\t\t\t\t<div class=\"elementor-column elementor-col-100 elementor-top-column elementor-element elementor-element-aa5e12c\" data-id=\"aa5e12c\" data-element_type=\"column\">\n\t\t\t<div class=\"elementor-widget-wrap elementor-element-populated\">\n\t\t\t\t\t\t\t\t<div class=\"elementor-element elementor-element-9e8cb96 elementor-widget elementor-widget-spacer\" data-id=\"9e8cb96\" data-element_type=\"widget\" data-widget_type=\"spacer.default\">\n\t\t\t\t<div class=\"elementor-widget-container\">\n\t\t\t<style>\/*! elementor - v3.17.0 - 08-11-2023 *\/\n.elementor-column .elementor-spacer-inner{height:var(--spacer-size)}.e-con{--container-widget-width:100%}.e-con-inner>.elementor-widget-spacer,.e-con>.elementor-widget-spacer{width:var(--container-widget-width,var(--spacer-size));--align-self:var(--container-widget-align-self,initial);--flex-shrink:0}.e-con-inner>.elementor-widget-spacer>.elementor-widget-container,.e-con>.elementor-widget-spacer>.elementor-widget-container{height:100%;width:100%}.e-con-inner>.elementor-widget-spacer>.elementor-widget-container>.elementor-spacer,.e-con>.elementor-widget-spacer>.elementor-widget-container>.elementor-spacer{height:100%}.e-con-inner>.elementor-widget-spacer>.elementor-widget-container>.elementor-spacer>.elementor-spacer-inner,.e-con>.elementor-widget-spacer>.elementor-widget-container>.elementor-spacer>.elementor-spacer-inner{height:var(--container-widget-height,var(--spacer-size))}.e-con-inner>.elementor-widget-spacer.elementor-widget-empty,.e-con>.elementor-widget-spacer.elementor-widget-empty{position:relative;min-height:22px;min-width:22px}.e-con-inner>.elementor-widget-spacer.elementor-widget-empty .elementor-widget-empty-icon,.e-con>.elementor-widget-spacer.elementor-widget-empty .elementor-widget-empty-icon{position:absolute;top:0;bottom:0;left:0;right:0;margin:auto;padding:0;width:22px;height:22px}<\/style>\t\t<div class=\"elementor-spacer\">\n\t\t\t<div class=\"elementor-spacer-inner\"><\/div>\n\t\t<\/div>\n\t\t\t\t<\/div>\n\t\t\t\t<\/div>\n\t\t\t\t<div class=\"elementor-element elementor-element-f664199 elementor-widget elementor-widget-html\" data-id=\"f664199\" data-element_type=\"widget\" data-widget_type=\"html.default\">\n\t\t\t\t<div class=\"elementor-widget-container\">\n\t\t\t<style>\n    .calc-block{\n        margin: 10px;\n    }\n    .form-calculator{\n        background-color: #F5F5F5;\n        padding: 15px;\n        font-family: 'Gill Sans', 'Gill Sans MT', Calibri, 'Trebuchet MS', sans-serif;\n        border-radius: 10px;\n        position: relative;\n    }\n    .calc-button{\n        width: 50%;\n        background-color: #EC3642;\n        color: white;\n        font-size: medium;\n        font-weight: bold;\n        border-radius: 10px;\n        padding: 0px 0px;\n        border: 2px solid #e95b64;\n    }\n    .calc-button:hover{\n        border: 2px solid black;\n    }\n    #apply-button{\n        width: 50%;\n    }\n    .form-element-field{\n        width: 95%;\n        padding: 5px 5px;\n        border-radius: 10px;\n        background-color: white;\n        border: 1px solid black;\n    }\n    .form-element-field:active{\n        border: 2px solid #EC3642;\n    }\n    .calc-label{\n        font-size: large;\n    }\n    .calc-list{\n        list-style-type: none;\n    }\n    .calc-list-element{\n        display: inline;\n        font-size: large;\n    }\n    .result{\n        color: #EC3642;\n        font-size: xx-large;\n    }\n    .inline-calc-block{\n        display: inline-block;\n        float: left;\n        margin-right: 10px;\n    }\n    .calc-block-2{\n        display: inline-block;\n        margin: 10px;\n    }\n    #credit-duration, #credit-amount{\n        background-color: white;\n        border: 1px solid black;\n        border-radius: 10px;\n    }\n    <\/style>\n    \n    <div class=\"form-calculator\">\n        <form action=\"\">\n            <h3>Kalkulatori i Kredis\u00eb<\/h3>\n    \n            <div class=\"calc-block\">\n                <label for=\"credit-type\"><p class=\"calc-label\">Lloji i Kredis\u00eb<\/p><\/label>\n                <select id=\"credit-type\" class=\"form-element-field\" required>\n                    <option value=\"18\">Kredi p\u00ebr Grat\u00eb<\/option>\n                    <option value=\"20\">Kredi p\u00ebr Nd\u00ebrmarrje<\/option>\n                    <option value=\"21\">Kredi p\u00ebr Nd\u00ebrmarr\u00ebs t\u00eb Rinj<\/option>\n                <\/select>\n            <\/div>\n\n            <div class=\"calc-block-2\">\n                <div class=\"inline-calc-block\">\n                    <label for=\"credit-duration\"><p class=\"calc-label\">Koh\u00ebzgjatja (muaj)<\/p><\/label>\n                    <input type=\"text\" id=\"credit-duration\" class=\"form-element-field\" required>\n                <\/div>\n\n                <div class=\"inline-calc-block\">\n                    <label for=\"credit-amount\"><p class=\"calc-label\">Shuma (EUR)<\/p><\/label>\n                    <input type=\"text\" id=\"credit-amount\" class=\"form-element-field\" required>\n                <\/div>\n            <\/div>\n    \n            \n    \n            <div class=\"calc-block\">\n                <button onclick=\"calculate(); return false;\" class=\"calc-button\">Kalkulo<\/button>\n            <\/div>\n    \n            <div class=\"calc-block\">\n                <ul class=\"calc-list\">\n                    <li class=\"calc-list-element\">K\u00ebsti mujor: <\/li>\n                    <li class=\"calc-list-element result\" id=\"result\"><\/li>\n                    <li class=\"calc-list-element result\"> &euro;<\/li>\n                <\/ul>\n            <\/div>\n            \n        <input type=\"hidden\" name=\"trp-form-language\" value=\"sq\"\/><\/form>\n    \n        <div class=\"calc-block\">\n            <button onclick=\"apply()\" class=\"calc-button\" id=\"apply-button\">Apliko p\u00ebr Kredi<\/button>\n        <\/div>\n    \n    <\/div>\n    \n    <script>\n    \n    function calculate(){\n        \/\/ declaration of variables\n        var credit_type = parseInt(document.getElementById(\"credit-type\").value);\n        var amount = parseInt(document.getElementById(\"credit-amount\").value)\n        var months = parseInt(document.getElementById(\"credit-duration\").value)\n        var weeks = parseInt(months\/12*365\/7\/2);\n        var result = 0.0;\n        var rate = 0.0;\n        \n        \/\/ calculating the result\n        if(credit_type == 18 & months<=36){\n                 var biweeklyRate = 0.0;\n      \/\/    rate = 0.2207;\n        \/\/biweeklyRate = rate \/ 26;\n        \/\/result = (biweeklyRate \/ (1 - Math.pow(1 + biweeklyRate, -weeks))) * amount;\n         var biweeklyRate = 0.0;\n          rate =  0.2194;\n        biweeklyRate = rate \/ 26;\n        result = (biweeklyRate \/ (1 - Math.pow(1 + biweeklyRate, -weeks))) * amount;\n        document.getElementById(\"result\").innerText = \"Total of \" + weeks + \" Payments, Bi-Weekly Payment: \";\n        }\n        else if(credit_type == 20) {\n              rate = 0.1964;\n            result = ( (rate \/ 12) + ( (rate \/ 12) \/ ( (((1 + roundToTwo((rate \/ 12))) ** weeks)) - 1 ) ) ) * amount;\n               document.getElementById(\"result\").innerText = \"Total of \" + weeks + \" Payments, Bi-Weekly Payment: \";\n        }\n          else if(credit_type == 21) {\n                rate = 0.2194;\n            result = ( (rate \/ 12) + ( (rate \/ 12) \/ ( ((1 + (rate \/ 12)) ** months) - 1 ) ) ) * amount;\n                   result = ( (rate \/ 12) + ( (rate \/ 12) \/ ( (((1 + roundToTwo((rate \/ 12))) ** weeks)) - 1 ) ) ) * amount;\n         document.getElementById(\"result\").innerText = \"Monthly Payment: \";\n        }\n        else{\n            alert(\"Something went wrong!\")\n        }\n        result = roundToTwo(result);\n    \n    \n        \/\/ displaying the result\n      \/\/  document.getElementById(\"result\").innerText = \"\";\n    \n       document.getElementById(\"result\").innerText = result;\n    \n        \/\/ round the result to two decimal places\n        function roundToTwo(num) {    \n            return +(Math.round(num + \"e+2\")  + \"e-2\");\n        }\n    \n    }\n    \n    function apply(){\n            window.open(\"https:\/\/grameenkosovo.org\/apply\");\n    }\n    <\/script>\t\t<\/div>\n\t\t\t\t<\/div>\n\t\t\t\t<div class=\"elementor-element elementor-element-bad1786 elementor-widget elementor-widget-spacer\" data-id=\"bad1786\" data-element_type=\"widget\" data-widget_type=\"spacer.default\">\n\t\t\t\t<div class=\"elementor-widget-container\">\n\t\t\t\t\t<div class=\"elementor-spacer\">\n\t\t\t<div class=\"elementor-spacer-inner\"><\/div>\n\t\t<\/div>\n\t\t\t\t<\/div>\n\t\t\t\t<\/div>\n\t\t\t\t\t<\/div>\n\t\t<\/div>\n\t\t\t\t\t\t\t<\/div>\n\t\t<\/section>\n\t\t\t\t<section class=\"elementor-section elementor-top-section elementor-element elementor-element-f488c35 elementor-section-boxed elementor-section-height-default elementor-section-height-default\" data-id=\"f488c35\" data-element_type=\"section\">\n\t\t\t\t\t\t<div class=\"elementor-container elementor-column-gap-default\">\n\t\t\t\t\t<div class=\"elementor-column elementor-col-100 elementor-top-column elementor-element elementor-element-b30a2d7\" data-id=\"b30a2d7\" data-element_type=\"column\">\n\t\t\t<div class=\"elementor-widget-wrap elementor-element-populated\">\n\t\t\t\t\t\t\t\t<div class=\"elementor-element elementor-element-79775fa elementor-widget elementor-widget-text-editor\" data-id=\"79775fa\" data-element_type=\"widget\" data-widget_type=\"text-editor.default\">\n\t\t\t\t<div class=\"elementor-widget-container\">\n\t\t\t<style>\/*! elementor - v3.17.0 - 08-11-2023 *\/\n.elementor-widget-text-editor.elementor-drop-cap-view-stacked .elementor-drop-cap{background-color:#69727d;color:#fff}.elementor-widget-text-editor.elementor-drop-cap-view-framed .elementor-drop-cap{color:#69727d;border:3px solid;background-color:transparent}.elementor-widget-text-editor:not(.elementor-drop-cap-view-default) .elementor-drop-cap{margin-top:8px}.elementor-widget-text-editor:not(.elementor-drop-cap-view-default) .elementor-drop-cap-letter{width:1em;height:1em}.elementor-widget-text-editor .elementor-drop-cap{float:left;text-align:center;line-height:1;font-size:50px}.elementor-widget-text-editor .elementor-drop-cap-letter{display:inline-block}<\/style>\t\t\t\t<p>Lorem ipsum dolor sit amet, consectetur adipiscing elit. Ut elit tellus, luctus nec ullamcorper mattis, pulvinar dapibus leo.<\/p>\t\t\t\t\t\t<\/div>\n\t\t\t\t<\/div>\n\t\t\t\t\t<\/div>\n\t\t<\/div>\n\t\t\t\t\t\t\t<\/div>\n\t\t<\/section>\n\t\t\t\t<section class=\"elementor-section elementor-top-section elementor-element elementor-element-1399c0b elementor-section-boxed elementor-section-height-default elementor-section-height-default\" data-id=\"1399c0b\" data-element_type=\"section\">\n\t\t\t\t\t\t<div class=\"elementor-container elementor-column-gap-default\">\n\t\t\t\t\t<div class=\"elementor-column elementor-col-100 elementor-top-column elementor-element elementor-element-a3c801e\" data-id=\"a3c801e\" data-element_type=\"column\">\n\t\t\t<div class=\"elementor-widget-wrap elementor-element-populated\">\n\t\t\t\t\t\t\t\t<section class=\"elementor-section elementor-inner-section elementor-element elementor-element-39528db elementor-section-boxed elementor-section-height-default elementor-section-height-default\" data-id=\"39528db\" data-element_type=\"section\">\n\t\t\t\t\t\t<div class=\"elementor-container elementor-column-gap-default\">\n\t\t\t\t\t<div class=\"elementor-column elementor-col-50 elementor-inner-column elementor-element elementor-element-09b21ae\" data-id=\"09b21ae\" data-element_type=\"column\">\n\t\t\t<div class=\"elementor-widget-wrap\">\n\t\t\t\t\t\t\t\t\t<\/div>\n\t\t<\/div>\n\t\t\t\t<div class=\"elementor-column elementor-col-50 elementor-inner-column elementor-element elementor-element-f3de500\" data-id=\"f3de500\" data-element_type=\"column\">\n\t\t\t<div class=\"elementor-widget-wrap\">\n\t\t\t\t\t\t\t\t\t<\/div>\n\t\t<\/div>\n\t\t\t\t\t\t\t<\/div>\n\t\t<\/section>\n\t\t\t\t\t<\/div>\n\t\t<\/div>\n\t\t\t\t\t\t\t<\/div>\n\t\t<\/section>\n\t\t\t\t\t\t\t<\/div>","protected":false},"excerpt":{"rendered":"<p>Credit Calculator Loan Type Loan for WomenMicroenterprise LoanNew Entrepreneur Loan Duration (months) Amount (EUR) Calculate Monthly payment: &euro; Apply for Loan Lorem ipsum dolor sit amet, consectetur adipiscing elit. Ut elit tellus, luctus nec ullamcorper mattis, pulvinar dapibus leo.<\/p>","protected":false},"author":1,"featured_media":0,"parent":0,"menu_order":0,"comment_status":"closed","ping_status":"closed","template":"elementor_header_footer","meta":{"footnotes":""},"class_list":["post-370","page","type-page","status-publish","hentry","entry"],"_links":{"self":[{"href":"https:\/\/grameenkosovo.org\/sq\/wp-json\/wp\/v2\/pages\/370","targetHints":{"allow":["GET"]}}],"collection":[{"href":"https:\/\/grameenkosovo.org\/sq\/wp-json\/wp\/v2\/pages"}],"about":[{"href":"https:\/\/grameenkosovo.org\/sq\/wp-json\/wp\/v2\/types\/page"}],"author":[{"embeddable":true,"href":"https:\/\/grameenkosovo.org\/sq\/wp-json\/wp\/v2\/users\/1"}],"replies":[{"embeddable":true,"href":"https:\/\/grameenkosovo.org\/sq\/wp-json\/wp\/v2\/comments?post=370"}],"version-history":[{"count":106,"href":"https:\/\/grameenkosovo.org\/sq\/wp-json\/wp\/v2\/pages\/370\/revisions"}],"predecessor-version":[{"id":1399,"href":"https:\/\/grameenkosovo.org\/sq\/wp-json\/wp\/v2\/pages\/370\/revisions\/1399"}],"wp:attachment":[{"href":"https:\/\/grameenkosovo.org\/sq\/wp-json\/wp\/v2\/media?parent=370"}],"curies":[{"name":"wp","href":"https:\/\/api.w.org\/{rel}","templated":true}]}}