{"id":375,"date":"2021-08-06T16:07:15","date_gmt":"2021-08-06T16:07:15","guid":{"rendered":"https:\/\/grameenkosovo.org\/?page_id=375"},"modified":"2022-04-16T16:57:05","modified_gmt":"2022-04-16T16:57:05","slug":"microenterprise-loan","status":"publish","type":"page","link":"https:\/\/grameenkosovo.org\/sq\/microenterprise-loan\/","title":{"rendered":"Kredi p\u00ebr Nd\u00ebrmarrje"},"content":{"rendered":"<div data-elementor-type=\"wp-page\" data-elementor-id=\"375\" class=\"elementor elementor-375\">\n\t\t\t\t\t\t\t\t\t<section class=\"elementor-section elementor-top-section elementor-element elementor-element-b1ab030 elementor-section-boxed elementor-section-height-default elementor-section-height-default\" data-id=\"b1ab030\" data-element_type=\"section\">\n\t\t\t\t\t\t<div class=\"elementor-container elementor-column-gap-default\">\n\t\t\t\t\t<div class=\"elementor-column elementor-col-100 elementor-top-column elementor-element elementor-element-ebb252a\" data-id=\"ebb252a\" data-element_type=\"column\">\n\t\t\t<div class=\"elementor-widget-wrap elementor-element-populated\">\n\t\t\t\t\t\t\t\t<div class=\"elementor-element elementor-element-ddcc9f0 elementor-widget elementor-widget-text-editor\" data-id=\"ddcc9f0\" data-element_type=\"widget\" data-widget_type=\"text-editor.default\">\n\t\t\t\t<div class=\"elementor-widget-container\">\n\t\t\t<style>\/*! elementor - v3.17.0 - 08-11-2023 *\/\n.elementor-widget-text-editor.elementor-drop-cap-view-stacked .elementor-drop-cap{background-color:#69727d;color:#fff}.elementor-widget-text-editor.elementor-drop-cap-view-framed .elementor-drop-cap{color:#69727d;border:3px solid;background-color:transparent}.elementor-widget-text-editor:not(.elementor-drop-cap-view-default) .elementor-drop-cap{margin-top:8px}.elementor-widget-text-editor:not(.elementor-drop-cap-view-default) .elementor-drop-cap-letter{width:1em;height:1em}.elementor-widget-text-editor .elementor-drop-cap{float:left;text-align:center;line-height:1;font-size:50px}.elementor-widget-text-editor .elementor-drop-cap-letter{display:inline-block}<\/style>\t\t\t\t<p>Disa kredi marr\u00ebs potencial q\u00eb jan\u00eb t\u00eb njohur si an\u00ebtar Gold t\u00eb KGMAMF-s\u00eb dhe ka kapacitet\/mund\u00ebsi q\u00eb t\u00eb investoj\u00eb m\u00eb shum\u00eb sesa kufiri i caktuar, do t\u00eb zgjidhet p\u00ebr Kredi Microenterprise. KGMAMF d\u00ebshiron t\u00eb shfaq\u00eb MicroEnterprise Loan p\u00ebr nj\u00eb ngritje t\u00eb menj\u00ebhershme t\u00eb an\u00ebtar\u00ebve.<\/p><p><strong><span style=\"text-decoration: underline;\">Disa nga tiparet kryesore t\u00eb k\u00ebsaj kredie jan\u00eb t\u00eb paraqitura m\u00ebposht\u00eb:<\/span><\/strong><\/p>\t\t\t\t\t\t<\/div>\n\t\t\t\t<\/div>\n\t\t\t\t\t<\/div>\n\t\t<\/div>\n\t\t\t\t\t\t\t<\/div>\n\t\t<\/section>\n\t\t\t\t<section class=\"elementor-section elementor-top-section elementor-element elementor-element-0abf005 elementor-section-boxed elementor-section-height-default elementor-section-height-default elementor-invisible\" data-id=\"0abf005\" data-element_type=\"section\" data-settings=\"{&quot;background_background&quot;:&quot;classic&quot;,&quot;animation&quot;:&quot;pulse&quot;}\">\n\t\t\t\t\t\t<div class=\"elementor-container elementor-column-gap-default\">\n\t\t\t\t\t<div class=\"elementor-column elementor-col-100 elementor-top-column elementor-element elementor-element-44d72ea\" data-id=\"44d72ea\" data-element_type=\"column\">\n\t\t\t<div class=\"elementor-widget-wrap elementor-element-populated\">\n\t\t\t\t\t\t\t\t<div class=\"elementor-element elementor-element-808b359 elementor-widget elementor-widget-text-editor\" data-id=\"808b359\" data-element_type=\"widget\" data-widget_type=\"text-editor.default\">\n\t\t\t\t<div class=\"elementor-widget-container\">\n\t\t\t\t\t\t\t<ul><li>Kjo kredi nuk \u00ebsht\u00eb p\u00ebr t\u00eb gjith\u00eb. Vet\u00ebm p\u00ebr ata t\u00eb cil\u00ebt e kan\u00eb kompletuar s\u00eb paku nj\u00eb apo dy cikle t\u00eb kredis\u00eb me KGMAMF dhe kan\u00eb biznes t\u00eb mir\u00eb dhe kapital qarkullues. Ata jan\u00eb t\u00eb besuesh\u00ebm p\u00ebr k\u00ebt\u00eb kredi<\/li><li>Vet\u00ebm personat q\u00eb kan paguar 100% t\u00eb kredive<\/li><li>Zyra e projektit do t\u00eb ket\u00eb numrat e marr\u00ebsve n\u00eb secil\u00ebn deg\u00eb<\/li><li>Dega s\u00eb pari do t\u00eb zgjedh\u00eb an\u00ebtar\u00ebt Gold dhe zyra e projektit do t'i verifikoj\u00eb dhe n\u00ebse ka potencial at\u00ebher\u00eb drejtori ekzekutiv do ta njoh\u00eb si an\u00ebtar\u00eb Gold<\/li><li>Kufinj\u00eb t\u00eb kredive do t\u00eb zgjidhen me konsultim me marr\u00ebsit e kredive<\/li><li>Koh\u00ebzgjatja e k\u00ebsaj kredie so t\u00eb jet\u00eb nga 1 deri n\u00eb 3 vite<\/li><li>Vlera e interesit t\u00eb Micro Enterprise Loan do te jet\u00eb 20% n\u00eb vit<\/li><\/ul>\t\t\t\t\t\t<\/div>\n\t\t\t\t<\/div>\n\t\t\t\t\t<\/div>\n\t\t<\/div>\n\t\t\t\t\t\t\t<\/div>\n\t\t<\/section>\n\t\t\t\t<section class=\"elementor-section elementor-top-section elementor-element elementor-element-d9e2dd3 elementor-section-boxed elementor-section-height-default elementor-section-height-default\" data-id=\"d9e2dd3\" data-element_type=\"section\">\n\t\t\t\t\t\t<div class=\"elementor-container elementor-column-gap-default\">\n\t\t\t\t\t<div class=\"elementor-column elementor-col-100 elementor-top-column elementor-element elementor-element-c8bf266\" data-id=\"c8bf266\" data-element_type=\"column\">\n\t\t\t<div class=\"elementor-widget-wrap elementor-element-populated\">\n\t\t\t\t\t\t\t\t<div class=\"elementor-element elementor-element-5cb6949 elementor-widget elementor-widget-shortcode\" data-id=\"5cb6949\" data-element_type=\"widget\" data-widget_type=\"shortcode.default\">\n\t\t\t\t<div class=\"elementor-widget-container\">\n\t\t\t\t\t<div class=\"elementor-shortcode\"><div class=\"wptb-table-container wptb-table-875\"><div class=\"wptb-table-container-matrix\" id=\"wptb-table-id-875\" data-wptb-version=\"1.4.13\" data-wptb-pro-status=\"false\"><table class=\"wptb-preview-table wptb-element-main-table_setting-728\" data-reconstraction=\"1\" style=\"border: 1px solid rgb(209, 209, 209);\" data-wptb-table-tds-sum-max-width=\"263\" data-wptb-cells-width-auto-count=\"2\" data-wptb-extra-styles=\"LyogRW50ZXIgeW91ciBjdXN0b20gQ1NTIHJ1bGVzIGhlcmUgKi8=\" role=\"table\" data-wptb-header-background-color=\"#EC3642FF\" data-wptb-even-row-background-color=\"#FFFFFFFF\" data-table-columns=\"2\"><tbody><tr class=\"wptb-row\" style=\"background-color: rgb(236, 54, 66);\"><td class=\"wptb-cell\" data-y-index=\"0\" data-x-index=\"0\" style=\"border: 1px solid rgb(209, 209, 209);\" data-wptb-css-td-auto-width=\"true\"><div class=\"wptb-text-container wptb-ph-element wptb-element-text-1\" style=\"color: rgb(255, 255, 255);\"><div class=\"\" style=\"position: relative;\"><p style=\"text-align: left;\">Tipari<\/p><\/div><\/div><\/td><td class=\"wptb-cell\" data-y-index=\"0\" data-x-index=\"1\" style=\"border: 1px solid rgb(209, 209, 209);\" data-wptb-css-td-auto-width=\"true\"><div class=\"wptb-text-container wptb-ph-element wptb-element-text-2\" style=\"color: rgb(255, 255, 255);\"><div class=\"\" style=\"position: relative;\"><p style=\"text-align: left;\">Detajet<\/p><\/div><\/div><\/td><\/tr><tr class=\"wptb-row\" style=\"background-color: rgb(255, 255, 255);\"><td class=\"wptb-cell\" data-y-index=\"1\" data-x-index=\"0\" style=\"border: 1px solid rgb(209, 209, 209);\" data-wptb-css-td-auto-width=\"true\"><div class=\"wptb-text-container wptb-ph-element wptb-element-text-3\"><div class=\"\" style=\"position: relative;\"><p style=\"text-align: left;\">Q\u00ebllimi<\/p><\/div><\/div><\/td><td class=\"wptb-cell\" data-y-index=\"1\" data-x-index=\"1\" style=\"border: 1px solid rgb(209, 209, 209);\" data-wptb-css-td-auto-width=\"true\"><div class=\"wptb-text-container wptb-ph-element wptb-element-text-4\"><div class=\"\" style=\"position: relative;\"><p>P\u00ebr ata t\u00eb cil\u00ebt kan\u00eb kompletuar s\u00eb paku nj\u00eb apo dy cikle t\u00eb kredis\u00eb me KGMAMF dhe kan\u00eb nj\u00eb biznes t\u00eb mir\u00eb, por kan\u00eb nevoj\u00eb p\u00ebr kapital<\/p><\/div><\/div><\/td><\/tr><tr class=\"wptb-row\"><td class=\"wptb-cell\" data-y-index=\"2\" data-x-index=\"0\" style=\"border: 1px solid rgb(209, 209, 209);\" data-wptb-css-td-auto-width=\"true\"><div class=\"wptb-text-container wptb-ph-element wptb-element-text-5\"><div class=\"\" style=\"position: relative;\"><p style=\"text-align: left;\">Afatet e Kredis\u00eb<\/p><\/div><\/div><\/td><td class=\"wptb-cell\" data-y-index=\"2\" data-x-index=\"1\" style=\"border: 1px solid rgb(209, 209, 209);\" data-wptb-css-td-auto-width=\"true\"><div class=\"wptb-text-container wptb-ph-element wptb-element-text-6\"><div class=\"\" style=\"position: relative;\"><p>Afati i kredis\u00eb \u00ebsht\u00eb 1, 2 dhe 3 vjet<\/p><\/div><\/div><\/td><\/tr><tr class=\"wptb-row\" style=\"background-color: rgb(255, 255, 255);\"><td class=\"wptb-cell\" data-y-index=\"3\" data-x-index=\"0\" style=\"border: 1px solid rgb(209, 209, 209);\" data-wptb-css-td-auto-width=\"true\"><div class=\"wptb-text-container wptb-ph-element wptb-element-text-7\"><div class=\"\" style=\"position: relative;\"><p style=\"text-align: left;\">Pagesa e Kredis\u00eb<\/p><\/div><\/div><\/td><td class=\"wptb-cell\" data-y-index=\"3\" data-x-index=\"1\" style=\"border: 1px solid rgb(209, 209, 209);\" data-wptb-css-td-auto-width=\"true\"><div class=\"wptb-text-container wptb-ph-element wptb-element-text-8\"><div class=\"\" style=\"position: relative;\"><p>2 her\u00eb n\u00eb jav\u00eb me interes<\/p><\/div><\/div><\/td><\/tr><tr class=\"wptb-row\"><td class=\"wptb-cell\" data-y-index=\"4\" data-x-index=\"0\" style=\"border: 1px solid rgb(209, 209, 209);\" data-wptb-css-td-auto-width=\"true\"><div class=\"wptb-text-container wptb-ph-element wptb-element-text-9\"><div class=\"\" style=\"position: relative;\"><p style=\"text-align: left;\">Kapacitetet e Kredive \/ Shuma e Kredis\u00eb<\/p><\/div><\/div><\/td><td class=\"wptb-cell\" data-y-index=\"4\" data-x-index=\"1\" style=\"border: 1px solid rgb(209, 209, 209);\" data-wptb-css-td-auto-width=\"true\"><div class=\"wptb-text-container wptb-ph-element wptb-element-text-10\"><div class=\"\" style=\"position: relative;\"><p>Eksperienca e kaluar e pun\u00ebs n\u00eb biznesin e propozuar (n\u00ebse ka) <\/p><\/div><\/div><\/td><\/tr><tr class=\"wptb-row\" style=\"background-color: rgb(255, 255, 255);\"><td class=\"wptb-cell\" data-y-index=\"5\" data-x-index=\"0\" style=\"border: 1px solid rgb(209, 209, 209);\" data-wptb-css-td-auto-width=\"true\"><div class=\"wptb-text-container wptb-ph-element wptb-element-text-11\"><div class=\"\" style=\"position: relative;\"><p style=\"text-align: left;\">Vlera e Interesit<\/p><\/div><\/div><\/td><td class=\"wptb-cell\" data-y-index=\"5\" data-x-index=\"1\" style=\"border: 1px solid rgb(209, 209, 209);\" data-wptb-css-td-auto-width=\"true\"><div class=\"wptb-text-container wptb-ph-element wptb-element-text-12\"><div class=\"\" style=\"position: relative;\"><p>20% vjetore<\/p><\/div><\/div><\/td><\/tr><tr class=\"wptb-row\"><td class=\"wptb-cell\" style=\"border: 1px solid rgb(209, 209, 209);\" data-x-index=\"0\" data-y-index=\"6\" data-wptb-css-td-auto-width=\"true\"><div class=\"wptb-text-container wptb-ph-element wptb-element-text-13\" style=\"color: rgb(74, 85, 104); font-size: 15px;\"><div class=\"\" style=\"position: relative;\"><p>Norma Efektive e Interesit (%)<\/p><\/div><\/div><\/td><td class=\"wptb-cell\" style=\"border: 1px solid rgb(209, 209, 209);\" data-x-index=\"1\" data-y-index=\"6\" data-wptb-css-td-auto-width=\"true\"><div class=\"wptb-text-container wptb-ph-element wptb-element-text-14 edit-active\" style=\"color: rgb(74, 85, 104); font-size: 15px;\"><div class=\"\" style=\"position: relative;\"><p>22.04 %<\/p><\/div><\/div><\/td><\/tr><\/tbody><\/table><\/div><\/div>\n<\/div>\n\t\t\t\t<\/div>\n\t\t\t\t<\/div>\n\t\t\t\t\t<\/div>\n\t\t<\/div>\n\t\t\t\t\t\t\t<\/div>\n\t\t<\/section>\n\t\t\t\t\t\t\t<\/div>","protected":false},"excerpt":{"rendered":"<p>As some potential borrowers who have been recognized as Gold members of KGMAMF and have the capacity \/ability to invest more than existing ceiling would be selected for Micro Enterprise loan. KGMAMF would like to introduce Micro Enterprise Loan for immediate upgrade members. Some of the key features of this loan are discussed in the [&hellip;]<\/p>","protected":false},"author":1,"featured_media":0,"parent":0,"menu_order":0,"comment_status":"closed","ping_status":"closed","template":"","meta":{"footnotes":""},"class_list":["post-375","page","type-page","status-publish","hentry","entry"],"_links":{"self":[{"href":"https:\/\/grameenkosovo.org\/sq\/wp-json\/wp\/v2\/pages\/375","targetHints":{"allow":["GET"]}}],"collection":[{"href":"https:\/\/grameenkosovo.org\/sq\/wp-json\/wp\/v2\/pages"}],"about":[{"href":"https:\/\/grameenkosovo.org\/sq\/wp-json\/wp\/v2\/types\/page"}],"author":[{"embeddable":true,"href":"https:\/\/grameenkosovo.org\/sq\/wp-json\/wp\/v2\/users\/1"}],"replies":[{"embeddable":true,"href":"https:\/\/grameenkosovo.org\/sq\/wp-json\/wp\/v2\/comments?post=375"}],"version-history":[{"count":14,"href":"https:\/\/grameenkosovo.org\/sq\/wp-json\/wp\/v2\/pages\/375\/revisions"}],"predecessor-version":[{"id":884,"href":"https:\/\/grameenkosovo.org\/sq\/wp-json\/wp\/v2\/pages\/375\/revisions\/884"}],"wp:attachment":[{"href":"https:\/\/grameenkosovo.org\/sq\/wp-json\/wp\/v2\/media?parent=375"}],"curies":[{"name":"wp","href":"https:\/\/api.w.org\/{rel}","templated":true}]}}