{"id":376,"date":"2021-08-06T16:07:15","date_gmt":"2021-08-06T16:07:15","guid":{"rendered":"https:\/\/grameenkosovo.org\/?page_id=376"},"modified":"2022-04-16T16:57:05","modified_gmt":"2022-04-16T16:57:05","slug":"new-entrepreneur-loan","status":"publish","type":"page","link":"https:\/\/grameenkosovo.org\/sq\/new-entrepreneur-loan\/","title":{"rendered":"Kredi p\u00ebr Nd\u00ebrmarr\u00ebs t\u00eb Rinj"},"content":{"rendered":"<div data-elementor-type=\"wp-page\" data-elementor-id=\"376\" class=\"elementor elementor-376\">\n\t\t\t\t\t\t\t\t\t<section class=\"elementor-section elementor-top-section elementor-element elementor-element-08c77b1 elementor-section-boxed elementor-section-height-default elementor-section-height-default\" data-id=\"08c77b1\" data-element_type=\"section\">\n\t\t\t\t\t\t<div class=\"elementor-container elementor-column-gap-default\">\n\t\t\t\t\t<div class=\"elementor-column elementor-col-100 elementor-top-column elementor-element elementor-element-41ec32f\" data-id=\"41ec32f\" data-element_type=\"column\">\n\t\t\t<div class=\"elementor-widget-wrap elementor-element-populated\">\n\t\t\t\t\t\t\t\t<div class=\"elementor-element elementor-element-742a0c7 elementor-widget elementor-widget-text-editor\" data-id=\"742a0c7\" data-element_type=\"widget\" data-widget_type=\"text-editor.default\">\n\t\t\t\t<div class=\"elementor-widget-container\">\n\t\t\t<style>\/*! elementor - v3.17.0 - 08-11-2023 *\/\n.elementor-widget-text-editor.elementor-drop-cap-view-stacked .elementor-drop-cap{background-color:#69727d;color:#fff}.elementor-widget-text-editor.elementor-drop-cap-view-framed .elementor-drop-cap{color:#69727d;border:3px solid;background-color:transparent}.elementor-widget-text-editor:not(.elementor-drop-cap-view-default) .elementor-drop-cap{margin-top:8px}.elementor-widget-text-editor:not(.elementor-drop-cap-view-default) .elementor-drop-cap-letter{width:1em;height:1em}.elementor-widget-text-editor .elementor-drop-cap{float:left;text-align:center;line-height:1;font-size:50px}.elementor-widget-text-editor .elementor-drop-cap-letter{display:inline-block}<\/style>\t\t\t\t<p>Ky program p\u00ebr nd\u00ebrmarr\u00ebs t\u00eb rinj i KGMAMF-s\u00eb \u00ebsht\u00eb ai q\u00eb do ta kthej\u00eb rinin\u00eb nga papun\u00ebsia n\u00eb nd\u00ebrmarr\u00ebsi. KGMAMF do t\u00eb zhvilloj\u00eb programin p\u00ebr nd\u00ebrmarr\u00ebs t\u00eb rinj n\u00eb papun\u00ebsin\u00eb e rinis\u00eb n\u00eb Kosov\u00eb, ashtu q\u00eb edhe f\u00ebmij\u00ebt e personave q\u00eb nuk jan\u00eb an\u00ebtar\u00eb t\u00eb KGMAMF mund t\u00eb p\u00ebrfitojn\u00eb.<\/p><p><span style=\"text-decoration: underline;\"><strong>Detajet e k\u00ebsaj kredie: <\/strong><\/span><\/p>\t\t\t\t\t\t<\/div>\n\t\t\t\t<\/div>\n\t\t\t\t\t<\/div>\n\t\t<\/div>\n\t\t\t\t\t\t\t<\/div>\n\t\t<\/section>\n\t\t\t\t<section class=\"elementor-section elementor-top-section elementor-element elementor-element-0cba987 elementor-section-boxed elementor-section-height-default elementor-section-height-default elementor-invisible\" data-id=\"0cba987\" data-element_type=\"section\" data-settings=\"{&quot;background_background&quot;:&quot;classic&quot;,&quot;animation&quot;:&quot;pulse&quot;}\">\n\t\t\t\t\t\t<div class=\"elementor-container elementor-column-gap-default\">\n\t\t\t\t\t<div class=\"elementor-column elementor-col-100 elementor-top-column elementor-element elementor-element-259876b\" data-id=\"259876b\" data-element_type=\"column\">\n\t\t\t<div class=\"elementor-widget-wrap elementor-element-populated\">\n\t\t\t\t\t\t\t\t<div class=\"elementor-element elementor-element-0b90424 elementor-widget elementor-widget-text-editor\" data-id=\"0b90424\" data-element_type=\"widget\" data-widget_type=\"text-editor.default\">\n\t\t\t\t<div class=\"elementor-widget-container\">\n\t\t\t\t\t\t\t<ul><li>Rinia e papun\u00eb<\/li><li>Rinia ka nevoj\u00eb p\u00ebr mb\u00ebshtetje sociale q\u00eb t\u00eb hap\u00eb nj\u00eb biznes apo p\u00ebr biznesin ekzistues<\/li><li>Kredi pa kolateral<\/li><li>Duhet t\u00eb jet\u00eb banues i p\u00ebrhersh\u00ebm i nj\u00eb vendi<\/li><li>Mosha mes 18 dhe 35<\/li><li>Kufinjt\u00eb e mosh\u00ebs mund t\u00eb jen\u00eb fleksibil p\u00ebr an\u00ebtaret femra apo nd\u00ebrmarr\u00ebse e rr potenciale por nuk duhet t\u00eb jet\u00eb m\u00eb e re se 18 apo m\u00eb e vjet\u00ebr se 40<\/li><li>Biznes plani i nd\u00ebrmarr\u00ebsve t\u00eb rinj do t\u00eb aporvohet n\u00eb Design Lab<\/li><li>Design Labs mund t\u00eb organizohen me zoom. Grameen Trust nga Bangladsh mund t\u00eb marr\u00eb pjes\u00eb ne Design Labs<\/li><li>T\u00eb ket\u00eb nj\u00eb \u00ebnd\u00ebrr dhe motivim p\u00ebr ta materializuar at\u00eb<\/li><li>Rinia duhet t\u00eb ket\u00eb histori t\u00eb past\u00ebr kredie, jo t\u00eb jet\u00eb pjes\u00ebmarr\u00ebs n\u00eb institucione t\u00eb tjera financiare<\/li><li>Kufinjt\u00eb e kredis\u00eb do t\u00eb caktohen me konsultim me rinin\u00eb dhe prind\u00ebrit e tyre<\/li><li>Kufinjt\u00eb do t\u00eb jen\u00eb 1,000 - 25,000 EURO<\/li><li>Koh\u00ebzgjatja e k\u00ebsaj kredie so t\u00eb jet\u00eb nga 1 deri n\u00eb 3 vite<\/li><li>Vlera e Interesit do t\u00eb jet\u00eb 18%<\/li><\/ul>\t\t\t\t\t\t<\/div>\n\t\t\t\t<\/div>\n\t\t\t\t\t<\/div>\n\t\t<\/div>\n\t\t\t\t\t\t\t<\/div>\n\t\t<\/section>\n\t\t\t\t<section class=\"elementor-section elementor-top-section elementor-element elementor-element-64a434c elementor-section-boxed elementor-section-height-default elementor-section-height-default\" data-id=\"64a434c\" data-element_type=\"section\">\n\t\t\t\t\t\t<div class=\"elementor-container elementor-column-gap-default\">\n\t\t\t\t\t<div class=\"elementor-column elementor-col-100 elementor-top-column elementor-element elementor-element-69c4df9\" data-id=\"69c4df9\" data-element_type=\"column\">\n\t\t\t<div class=\"elementor-widget-wrap elementor-element-populated\">\n\t\t\t\t\t\t\t\t<div class=\"elementor-element elementor-element-2c114c4 elementor-widget elementor-widget-shortcode\" data-id=\"2c114c4\" data-element_type=\"widget\" data-widget_type=\"shortcode.default\">\n\t\t\t\t<div class=\"elementor-widget-container\">\n\t\t\t\t\t<div class=\"elementor-shortcode\"><div class=\"wptb-table-container wptb-table-874\"><div class=\"wptb-table-container-matrix\" id=\"wptb-table-id-874\" data-wptb-version=\"1.4.13\" data-wptb-pro-status=\"false\"><table class=\"wptb-preview-table wptb-element-main-table_setting-728\" data-reconstraction=\"1\" style=\"border: 1px solid rgb(209, 209, 209);\" data-wptb-table-tds-sum-max-width=\"263\" data-wptb-cells-width-auto-count=\"2\" data-wptb-extra-styles=\"LyogRW50ZXIgeW91ciBjdXN0b20gQ1NTIHJ1bGVzIGhlcmUgKi8=\" role=\"table\" data-wptb-header-background-color=\"#EC3642FF\" data-wptb-even-row-background-color=\"#FFFFFFFF\" data-table-columns=\"2\" data-wptb-horizontal-scroll-status=\"false\"><tbody><tr class=\"wptb-row\" style=\"background-color: rgb(236, 54, 66);\"><td class=\"wptb-cell\" data-y-index=\"0\" data-x-index=\"0\" style=\"border: 1px solid rgb(209, 209, 209);\" data-wptb-css-td-auto-width=\"true\"><div class=\"wptb-text-container wptb-ph-element wptb-element-text-1\" style=\"color: rgb(255, 255, 255);\"><div class=\"\" style=\"position: relative;\"><p style=\"text-align: left;\">Tipari<\/p><\/div><\/div><\/td><td class=\"wptb-cell\" data-y-index=\"0\" data-x-index=\"1\" style=\"border: 1px solid rgb(209, 209, 209);\" data-wptb-css-td-auto-width=\"true\"><div class=\"wptb-text-container wptb-ph-element wptb-element-text-2\" style=\"color: rgb(255, 255, 255);\"><div class=\"\" style=\"position: relative;\"><p style=\"text-align: left;\">Detajet<\/p><\/div><\/div><\/td><\/tr><tr class=\"wptb-row\" style=\"background-color: rgb(255, 255, 255);\"><td class=\"wptb-cell\" data-y-index=\"1\" data-x-index=\"0\" style=\"border: 1px solid rgb(209, 209, 209);\" data-wptb-css-td-auto-width=\"true\"><div class=\"wptb-text-container wptb-ph-element wptb-element-text-3\"><div class=\"\" style=\"position: relative;\"><p style=\"text-align: left;\">Q\u00ebllimi<\/p><\/div><\/div><\/td><td class=\"wptb-cell\" data-y-index=\"1\" data-x-index=\"1\" style=\"border: 1px solid rgb(209, 209, 209);\" data-wptb-css-td-auto-width=\"true\"><div class=\"wptb-text-container wptb-ph-element wptb-element-text-4\"><div class=\"\" style=\"position: relative;\"><p>Rinia e papun\u00ebsuar p\u00ebr aktivitete p\u00ebr gjenerimin e t\u00eb ardhurave<\/p><\/div><\/div><\/td><\/tr><tr class=\"wptb-row\"><td class=\"wptb-cell\" data-y-index=\"2\" data-x-index=\"0\" style=\"border: 1px solid rgb(209, 209, 209);\" data-wptb-css-td-auto-width=\"true\"><div class=\"wptb-text-container wptb-ph-element wptb-element-text-5\"><div class=\"\" style=\"position: relative;\"><p style=\"text-align: left;\">Afatet e Kredis\u00eb<\/p><\/div><\/div><\/td><td class=\"wptb-cell\" data-y-index=\"2\" data-x-index=\"1\" style=\"border: 1px solid rgb(209, 209, 209);\" data-wptb-css-td-auto-width=\"true\"><div class=\"wptb-text-container wptb-ph-element wptb-element-text-6\"><div class=\"\" style=\"position: relative;\"><p>Afati i kredis\u00eb \u00ebsht\u00eb 1, 2 dhe 3 vjet<\/p><\/div><\/div><\/td><\/tr><tr class=\"wptb-row\" style=\"background-color: rgb(255, 255, 255);\"><td class=\"wptb-cell\" data-y-index=\"3\" data-x-index=\"0\" style=\"border: 1px solid rgb(209, 209, 209);\" data-wptb-css-td-auto-width=\"true\"><div class=\"wptb-text-container wptb-ph-element wptb-element-text-7\"><div class=\"\" style=\"position: relative;\"><p style=\"text-align: left;\">Pagesa e Kredis\u00eb<\/p><\/div><\/div><\/td><td class=\"wptb-cell\" data-y-index=\"3\" data-x-index=\"1\" style=\"border: 1px solid rgb(209, 209, 209);\" data-wptb-css-td-auto-width=\"true\"><div class=\"wptb-text-container wptb-ph-element wptb-element-text-8\"><div class=\"\" style=\"position: relative;\"><p>Mujore me interes t\u00eb caktuar<\/p><\/div><\/div><\/td><\/tr><tr class=\"wptb-row\"><td class=\"wptb-cell\" data-y-index=\"4\" data-x-index=\"0\" style=\"border: 1px solid rgb(209, 209, 209);\" data-wptb-css-td-auto-width=\"true\"><div class=\"wptb-text-container wptb-ph-element wptb-element-text-9\"><div class=\"\" style=\"position: relative;\"><p style=\"text-align: left;\">Kapacitetet e Kredive \/ Shuma e Kredis\u00eb<\/p><\/div><\/div><\/td><td class=\"wptb-cell\" data-y-index=\"4\" data-x-index=\"1\" style=\"border: 1px solid rgb(209, 209, 209);\" data-wptb-css-td-auto-width=\"true\"><div class=\"wptb-text-container wptb-ph-element wptb-element-text-10\"><div class=\"\" style=\"position: relative;\"><p>Eksperienca e kaluar e pun\u00ebs n\u00eb biznesin e propozuar (n\u00ebse ka)<\/p><\/div><\/div><\/td><\/tr><tr class=\"wptb-row\" style=\"background-color: rgb(255, 255, 255);\"><td class=\"wptb-cell\" data-y-index=\"5\" data-x-index=\"0\" style=\"border: 1px solid rgb(209, 209, 209);\" data-wptb-css-td-auto-width=\"true\"><div class=\"wptb-text-container wptb-ph-element wptb-element-text-11\"><div class=\"\" style=\"position: relative;\"><p style=\"text-align: left;\">Vlera e Interesit<\/p><\/div><\/div><\/td><td class=\"wptb-cell\" data-y-index=\"5\" data-x-index=\"1\" style=\"border: 1px solid rgb(209, 209, 209);\" data-wptb-css-td-auto-width=\"true\"><div class=\"wptb-text-container wptb-ph-element wptb-element-text-12\"><div class=\"\" style=\"position: relative;\"><p>18% me r\u00ebnie<\/p><\/div><\/div><\/td><\/tr><tr class=\"wptb-row\"><td class=\"wptb-cell\" style=\"border: 1px solid rgb(209, 209, 209);\" data-x-index=\"0\" data-y-index=\"6\" data-wptb-css-td-auto-width=\"true\"><div class=\"wptb-text-container wptb-ph-element wptb-element-text-13\" style=\"color: rgb(74, 85, 104); font-size: 15px;\"><div class=\"\" style=\"position: relative;\"><p>Norma Efektive e Interesit (%)<\/p><p><\/p><\/div><\/div><\/td><td class=\"wptb-cell\" style=\"border: 1px solid rgb(209, 209, 209);\" data-x-index=\"1\" data-y-index=\"6\" data-wptb-css-td-auto-width=\"true\"><div class=\"wptb-text-container wptb-ph-element wptb-element-text-14 edit-active\" style=\"color: rgb(74, 85, 104); font-size: 15px;\"><div class=\"\" style=\"position: relative;\"><p>19.56 %<\/p><p><\/p><\/div><\/div><\/td><\/tr><\/tbody><\/table><\/div><\/div>\n<\/div>\n\t\t\t\t<\/div>\n\t\t\t\t<\/div>\n\t\t\t\t\t<\/div>\n\t\t<\/div>\n\t\t\t\t\t\t\t<\/div>\n\t\t<\/section>\n\t\t\t\t\t\t\t<\/div>","protected":false},"excerpt":{"rendered":"<p>This new Entrepreneur services of KGMAMF would be the program for turning the Youth unemployment into entrepreneurship. KGMAMF would like to extend its New Entrepreneur program to the Youth unemployment in Kosovo beyond the children of KGMAMF Members as well. Key features of this loan: Unemployed Youth The youth needs financial support to start new [&hellip;]<\/p>","protected":false},"author":1,"featured_media":0,"parent":0,"menu_order":0,"comment_status":"closed","ping_status":"closed","template":"","meta":{"footnotes":""},"class_list":["post-376","page","type-page","status-publish","hentry","entry"],"_links":{"self":[{"href":"https:\/\/grameenkosovo.org\/sq\/wp-json\/wp\/v2\/pages\/376","targetHints":{"allow":["GET"]}}],"collection":[{"href":"https:\/\/grameenkosovo.org\/sq\/wp-json\/wp\/v2\/pages"}],"about":[{"href":"https:\/\/grameenkosovo.org\/sq\/wp-json\/wp\/v2\/types\/page"}],"author":[{"embeddable":true,"href":"https:\/\/grameenkosovo.org\/sq\/wp-json\/wp\/v2\/users\/1"}],"replies":[{"embeddable":true,"href":"https:\/\/grameenkosovo.org\/sq\/wp-json\/wp\/v2\/comments?post=376"}],"version-history":[{"count":11,"href":"https:\/\/grameenkosovo.org\/sq\/wp-json\/wp\/v2\/pages\/376\/revisions"}],"predecessor-version":[{"id":890,"href":"https:\/\/grameenkosovo.org\/sq\/wp-json\/wp\/v2\/pages\/376\/revisions\/890"}],"wp:attachment":[{"href":"https:\/\/grameenkosovo.org\/sq\/wp-json\/wp\/v2\/media?parent=376"}],"curies":[{"name":"wp","href":"https:\/\/api.w.org\/{rel}","templated":true}]}}